{"id":1521,"date":"2022-12-22T15:12:02","date_gmt":"2022-12-22T15:12:02","guid":{"rendered":"https:\/\/doubeton-flooringsystems.be\/?page_id=1521"},"modified":"2024-06-05T12:17:28","modified_gmt":"2024-06-05T12:17:28","slug":"studiebureau","status":"publish","type":"page","link":"https:\/\/doubeton-flooringsystems.be\/fr\/studiebureau\/","title":{"rendered":"Bureau d\u2019\u00e9tudes"},"content":{"rendered":"<div data-elementor-type=\"wp-page\" data-elementor-id=\"1521\" class=\"elementor elementor-1521\" data-elementor-post-type=\"page\">\n\t\t\t\t\t\t<section data-dce-background-overlay-color=\"#00406F\" data-dce-background-image-url=\"https:\/\/doubeton-flooringsystems.be\/wp-content\/uploads\/2023\/01\/dou-flooring-systems.jpg\" class=\"elementor-section elementor-top-section elementor-element elementor-element-49435cd2 elementor-section-full_width elementor-section-height-min-height elementor-hidden-mobile elementor-section-height-default elementor-section-items-middle\" data-id=\"49435cd2\" data-element_type=\"section\" id=\"top\" data-settings=\"{&quot;background_background&quot;:&quot;classic&quot;}\">\n\t\t\t\t\t\t\t<div class=\"elementor-background-overlay\"><\/div>\n\t\t\t\t\t\t\t<div class=\"elementor-container elementor-column-gap-default\">\n\t\t\t\t\t<div class=\"elementor-column elementor-col-50 elementor-top-column elementor-element elementor-element-3e1d715c\" data-id=\"3e1d715c\" data-element_type=\"column\">\n\t\t\t<div class=\"elementor-widget-wrap\">\n\t\t\t\t\t\t\t<\/div>\n\t\t<\/div>\n\t\t\t\t<div class=\"elementor-column elementor-col-50 elementor-top-column elementor-element elementor-element-633a72e9\" data-id=\"633a72e9\" data-element_type=\"column\" data-settings=\"{&quot;background_background&quot;:&quot;gradient&quot;}\">\n\t\t\t<div class=\"elementor-widget-wrap elementor-element-populated\">\n\t\t\t\t\t\t<div class=\"elementor-element elementor-element-11cfe88f elementor-position-left elementor-vertical-align-middle elementor-mobile-position-left elementor-view-default elementor-widget elementor-widget-icon-box\" data-id=\"11cfe88f\" data-element_type=\"widget\" data-widget_type=\"icon-box.default\">\n\t\t\t\t<div class=\"elementor-widget-container\">\n\t\t\t\t\t\t\t<div class=\"elementor-icon-box-wrapper\">\n\n\t\t\t\t\t\t<div class=\"elementor-icon-box-icon\">\n\t\t\t\t<span  class=\"elementor-icon\">\n\t\t\t\t<svg xmlns=\"http:\/\/www.w3.org\/2000\/svg\" xmlns:xlink=\"http:\/\/www.w3.org\/1999\/xlink\" id=\"Laag_1\" x=\"0px\" y=\"0px\" viewbox=\"0 0 305 295\" style=\"enable-background:new 0 0 305 295;\" xml:space=\"preserve\"><g transform=\"translate(0.000000,295.000000) scale(0.100000,-0.100000)\">\t<path d=\"M0,1474C0,668,3,11,8,13c4,3,200,98,437,212s534,258,660,319c127,62,611,296,1077,521l848,410l-83,40  c-45,22-174,85-287,139c-113,55-423,205-690,334s-548,265-625,302s-342,165-590,285c-247,120-519,251-602,291L0,2939V1474z\"><\/path><\/g><\/svg>\t\t\t\t<\/span>\n\t\t\t<\/div>\n\t\t\t\n\t\t\t\t\t\t<div class=\"elementor-icon-box-content\">\n\n\t\t\t\t\t\t\t\t\t<h3 class=\"elementor-icon-box-title\">\n\t\t\t\t\t\t<span  >\n\t\t\t\t\t\t\tBureau d\u2019\u00e9tudes\t\t\t\t\t\t<\/span>\n\t\t\t\t\t<\/h3>\n\t\t\t\t\n\t\t\t\t\n\t\t\t<\/div>\n\t\t\t\n\t\t<\/div>\n\t\t\t\t\t\t<\/div>\n\t\t\t\t<\/div>\n\t\t\t\t<div class=\"elementor-element elementor-element-498e0422 elementor-align-justify elementor-widget elementor-widget-button\" data-id=\"498e0422\" data-element_type=\"widget\" data-widget_type=\"button.default\">\n\t\t\t\t<div class=\"elementor-widget-container\">\n\t\t\t\t\t\t\t\t\t<div class=\"elementor-button-wrapper\">\n\t\t\t\t\t<a class=\"elementor-button elementor-button-link elementor-size-md\" href=\"https:\/\/doubeton-flooringsystems.be\/fr\/flooring-systems\/\">\n\t\t\t\t\t\t<span class=\"elementor-button-content-wrapper\">\n\t\t\t\t\t\t\t\t\t<span class=\"elementor-button-text\">Flooring Systems<\/span>\n\t\t\t\t\t<\/span>\n\t\t\t\t\t<\/a>\n\t\t\t\t<\/div>\n\t\t\t\t\t\t\t\t<\/div>\n\t\t\t\t<\/div>\n\t\t\t\t\t<\/div>\n\t\t<\/div>\n\t\t\t\t\t<\/div>\n\t\t<\/section>\n\t\t\t\t<section data-dce-background-overlay-color=\"#00406F\" data-dce-background-image-url=\"https:\/\/doubeton-flooringsystems.be\/wp-content\/uploads\/2022\/11\/DOU-hero-image.jpg\" class=\"elementor-section elementor-top-section elementor-element elementor-element-20666dc elementor-section-full_width elementor-hidden-desktop elementor-section-height-default elementor-section-height-default\" data-id=\"20666dc\" data-element_type=\"section\" data-settings=\"{&quot;background_background&quot;:&quot;classic&quot;}\">\n\t\t\t\t\t\t\t<div class=\"elementor-background-overlay\"><\/div>\n\t\t\t\t\t\t\t<div class=\"elementor-container elementor-column-gap-default\">\n\t\t\t\t\t<div class=\"elementor-column elementor-col-50 elementor-top-column elementor-element elementor-element-311547f\" data-id=\"311547f\" data-element_type=\"column\">\n\t\t\t<div class=\"elementor-widget-wrap\">\n\t\t\t\t\t\t\t<\/div>\n\t\t<\/div>\n\t\t\t\t<div class=\"elementor-column elementor-col-50 elementor-top-column elementor-element elementor-element-6b9528f\" data-id=\"6b9528f\" data-element_type=\"column\" data-settings=\"{&quot;background_background&quot;:&quot;gradient&quot;}\">\n\t\t\t<div class=\"elementor-widget-wrap elementor-element-populated\">\n\t\t\t\t\t\t<div class=\"elementor-element elementor-element-513ee21 elementor-position-left elementor-vertical-align-middle elementor-mobile-position-left elementor-view-stacked elementor-shape-square elementor-widget elementor-widget-icon-box\" data-id=\"513ee21\" data-element_type=\"widget\" data-widget_type=\"icon-box.default\">\n\t\t\t\t<div class=\"elementor-widget-container\">\n\t\t\t\t\t\t\t<div class=\"elementor-icon-box-wrapper\">\n\n\t\t\t\t\t\t<div class=\"elementor-icon-box-icon\">\n\t\t\t\t<span  class=\"elementor-icon\">\n\t\t\t\t<svg xmlns=\"http:\/\/www.w3.org\/2000\/svg\" xmlns:xlink=\"http:\/\/www.w3.org\/1999\/xlink\" id=\"Laag_1\" x=\"0px\" y=\"0px\" viewbox=\"0 0 305 295\" style=\"enable-background:new 0 0 305 295;\" xml:space=\"preserve\"><g transform=\"translate(0.000000,295.000000) scale(0.100000,-0.100000)\">\t<path d=\"M0,1474C0,668,3,11,8,13c4,3,200,98,437,212s534,258,660,319c127,62,611,296,1077,521l848,410l-83,40  c-45,22-174,85-287,139c-113,55-423,205-690,334s-548,265-625,302s-342,165-590,285c-247,120-519,251-602,291L0,2939V1474z\"><\/path><\/g><\/svg>\t\t\t\t<\/span>\n\t\t\t<\/div>\n\t\t\t\n\t\t\t\t\t\t<div class=\"elementor-icon-box-content\">\n\n\t\t\t\t\t\t\t\t\t<h3 class=\"elementor-icon-box-title\">\n\t\t\t\t\t\t<span  >\n\t\t\t\t\t\t\tBureau d\u2019\u00e9tudes\t\t\t\t\t\t<\/span>\n\t\t\t\t\t<\/h3>\n\t\t\t\t\n\t\t\t\t\n\t\t\t<\/div>\n\t\t\t\n\t\t<\/div>\n\t\t\t\t\t\t<\/div>\n\t\t\t\t<\/div>\n\t\t\t\t<div class=\"elementor-element elementor-element-91d50ce elementor-align-justify elementor-widget elementor-widget-button\" data-id=\"91d50ce\" data-element_type=\"widget\" data-widget_type=\"button.default\">\n\t\t\t\t<div class=\"elementor-widget-container\">\n\t\t\t\t\t\t\t\t\t<div class=\"elementor-button-wrapper\">\n\t\t\t\t\t<a class=\"elementor-button elementor-button-link elementor-size-md\" href=\"https:\/\/doubeton-flooringsystems.be\/fr\/flooring-systems\/\">\n\t\t\t\t\t\t<span class=\"elementor-button-content-wrapper\">\n\t\t\t\t\t\t\t\t\t<span class=\"elementor-button-text\">Flooring Systems<\/span>\n\t\t\t\t\t<\/span>\n\t\t\t\t\t<\/a>\n\t\t\t\t<\/div>\n\t\t\t\t\t\t\t\t<\/div>\n\t\t\t\t<\/div>\n\t\t\t\t\t<\/div>\n\t\t<\/div>\n\t\t\t\t\t<\/div>\n\t\t<\/section>\n\t\t\t\t<section class=\"elementor-section elementor-top-section elementor-element elementor-element-398e854 elementor-section-full_width elementor-section-height-default elementor-section-height-default\" data-id=\"398e854\" data-element_type=\"section\">\n\t\t\t\t\t\t<div class=\"elementor-container elementor-column-gap-no\">\n\t\t\t\t\t<div class=\"elementor-column elementor-col-50 elementor-top-column elementor-element elementor-element-8db4eec\" data-id=\"8db4eec\" data-element_type=\"column\">\n\t\t\t<div class=\"elementor-widget-wrap elementor-element-populated\">\n\t\t\t\t\t\t<div class=\"elementor-element elementor-element-9d8fadc elementor-widget elementor-widget-heading\" data-id=\"9d8fadc\" data-element_type=\"widget\" data-widget_type=\"heading.default\">\n\t\t\t\t<div class=\"elementor-widget-container\">\n\t\t\t\t\t<h3 class=\"elementor-heading-title elementor-size-default\">BUREAU D\u2019\u00c9TUDES<\/h3>\t\t\t\t<\/div>\n\t\t\t\t<\/div>\n\t\t\t\t<div class=\"elementor-element elementor-element-40e1a2a elementor-widget elementor-widget-text-editor\" data-id=\"40e1a2a\" data-element_type=\"widget\" data-widget_type=\"text-editor.default\">\n\t\t\t\t<div class=\"elementor-widget-container\">\n\t\t\t\t\t\t\t\t\t<p>Nos bureaux d\u2019\u00e9tudes situ\u00e9s \u00e0 Leuze-en-Hainaut et Kruisem accompagneront volontiers vos projets de construction. Nous traitons chaque projet individuellement en tenant compte de votre situation et de vos pr\u00e9f\u00e9rences.<\/p><p>Sur base des plans d\u2019architecture et de stabilit\u00e9, notre \u00e9quipe dimensionnera votre plancher afin de vous pr\u00e9senter la solution la plus optimale et \u00e9conomique. Pour cela, nous d\u00e9finissons les dimensions des hourdis, l\u2019\u00e9paisseur de la table de compression ainsi que le ferraillage et l\u2019\u00e9tan\u00e7onnement \u00e0 pr\u00e9voir.<\/p><p>Par la suite, nous r\u00e9alisons un plan de pose d\u00e9taill\u00e9 de votre plancher. Sur demande, nous pouvons \u00e9galement fournir les fichiers .IFC de nos plans de pose afin des les int\u00e9grer dans un projet BIM.<\/p><p>Avez-vous une question technique ? Nous vous aiderons avec plaisir.<\/p><ul><li>Qualit\u00e9<\/li><li>Pr\u00e9cision<\/li><li>Rapidit\u00e9<\/li><li>Flexibilit\u00e9<\/li><li>Fiabilit\u00e9<\/li><\/ul>\t\t\t\t\t\t\t\t<\/div>\n\t\t\t\t<\/div>\n\t\t\t\t<div class=\"elementor-element elementor-element-2d8379e elementor-align-left elementor-mobile-align-center elementor-widget elementor-widget-button\" data-id=\"2d8379e\" data-element_type=\"widget\" data-widget_type=\"button.default\">\n\t\t\t\t<div class=\"elementor-widget-container\">\n\t\t\t\t\t\t\t\t\t<div class=\"elementor-button-wrapper\">\n\t\t\t\t\t<a class=\"elementor-button elementor-button-link elementor-size-md\" href=\"mailto:%20flooring@doubeton-flooringsystems.be\">\n\t\t\t\t\t\t<span class=\"elementor-button-content-wrapper\">\n\t\t\t\t\t\t\t\t\t<span class=\"elementor-button-text\">Contactez-nous<\/span>\n\t\t\t\t\t<\/span>\n\t\t\t\t\t<\/a>\n\t\t\t\t<\/div>\n\t\t\t\t\t\t\t\t<\/div>\n\t\t\t\t<\/div>\n\t\t\t\t\t<\/div>\n\t\t<\/div>\n\t\t\t\t<div class=\"elementor-column elementor-col-50 elementor-top-column elementor-element elementor-element-f09bda2\" data-id=\"f09bda2\" data-element_type=\"column\">\n\t\t\t<div class=\"elementor-widget-wrap elementor-element-populated\">\n\t\t\t\t\t\t<div class=\"elementor-element elementor-element-3a69792 dce_masking-none elementor-widget elementor-widget-image\" data-id=\"3a69792\" data-element_type=\"widget\" data-widget_type=\"image.default\">\n\t\t\t\t<div class=\"elementor-widget-container\">\n\t\t\t\t\t\t\t\t\t\t\t\t\t\t\t<img fetchpriority=\"high\" decoding=\"async\" width=\"683\" height=\"600\" src=\"https:\/\/doubeton-flooringsystems.be\/wp-content\/uploads\/2023\/01\/DOU-studiebureau.jpg\" class=\"attachment-large size-large wp-image-1628\" alt=\"\" srcset=\"https:\/\/doubeton-flooringsystems.be\/wp-content\/uploads\/2023\/01\/DOU-studiebureau.jpg 683w, https:\/\/doubeton-flooringsystems.be\/wp-content\/uploads\/2023\/01\/DOU-studiebureau-300x264.jpg 300w\" sizes=\"(max-width: 683px) 100vw, 683px\" \/>\t\t\t\t\t\t\t\t\t\t\t\t\t\t\t<\/div>\n\t\t\t\t<\/div>\n\t\t\t\t\t<\/div>\n\t\t<\/div>\n\t\t\t\t\t<\/div>\n\t\t<\/section>\n\t\t\t\t<section class=\"elementor-section elementor-top-section elementor-element elementor-element-4f12fb2 elementor-section-full_width elementor-section-height-default elementor-section-height-default\" data-id=\"4f12fb2\" data-element_type=\"section\">\n\t\t\t\t\t\t<div class=\"elementor-container elementor-column-gap-default\">\n\t\t\t\t\t<div class=\"elementor-column elementor-col-66 elementor-top-column elementor-element elementor-element-e228d02\" data-id=\"e228d02\" data-element_type=\"column\">\n\t\t\t<div class=\"elementor-widget-wrap\">\n\t\t\t\t\t\t\t<\/div>\n\t\t<\/div>\n\t\t\t\t<div class=\"elementor-column elementor-col-33 elementor-top-column elementor-element elementor-element-04fc2b5\" data-id=\"04fc2b5\" data-element_type=\"column\">\n\t\t\t<div class=\"elementor-widget-wrap elementor-element-populated\">\n\t\t\t\t\t\t<div class=\"elementor-element elementor-element-33bd2da elementor-view-default elementor-invisible elementor-widget elementor-widget-icon\" data-id=\"33bd2da\" data-element_type=\"widget\" data-settings=\"{&quot;sticky&quot;:&quot;bottom&quot;,&quot;_animation&quot;:&quot;pulse&quot;,&quot;sticky_on&quot;:[&quot;desktop&quot;,&quot;tablet&quot;,&quot;mobile&quot;],&quot;sticky_offset&quot;:0,&quot;sticky_effects_offset&quot;:0,&quot;sticky_anchor_link_offset&quot;:0}\" data-widget_type=\"icon.default\">\n\t\t\t\t<div class=\"elementor-widget-container\">\n\t\t\t\t\t\t\t<div class=\"elementor-icon-wrapper\">\n\t\t\t<a class=\"elementor-icon elementor-animation-grow\" href=\"#top\">\n\t\t\t<svg aria-hidden=\"true\" class=\"e-font-icon-svg e-fas-arrow-circle-up\" viewbox=\"0 0 512 512\" xmlns=\"http:\/\/www.w3.org\/2000\/svg\"><path d=\"M8 256C8 119 119 8 256 8s248 111 248 248-111 248-248 248S8 393 8 256zm143.6 28.9l72.4-75.5V392c0 13.3 10.7 24 24 24h16c13.3 0 24-10.7 24-24V209.4l72.4 75.5c9.3 9.7 24.8 9.9 34.3.4l10.9-11c9.4-9.4 9.4-24.6 0-33.9L273 107.7c-9.4-9.4-24.6-9.4-33.9 0L106.3 240.4c-9.4 9.4-9.4 24.6 0 33.9l10.9 11c9.6 9.5 25.1 9.3 34.4-.4z\"><\/path><\/svg>\t\t\t<\/a>\n\t\t<\/div>\n\t\t\t\t\t\t<\/div>\n\t\t\t\t<\/div>\n\t\t\t\t\t<\/div>\n\t\t<\/div>\n\t\t\t\t\t<\/div>\n\t\t<\/section>\n\t\t\t\t<\/div>","protected":false},"excerpt":{"rendered":"<p>Studiebureau Flooring Systems Studiebureau Flooring Systems STUDIEBUREAU Onze studiebureaus in Kruisem en Leuze-en-Hainaut ondersteunen u graag bij al uw bouwprojecten. We benaderen elk project afzonderlijk en houden rekening met uw situatie en persoonlijke voorkeuren. Op basis van de plannen van de architect, gaat ons team de dimensionering na, om zo tot het meest optimale en [&hellip;]<\/p>","protected":false},"author":1,"featured_media":0,"parent":0,"menu_order":0,"comment_status":"closed","ping_status":"closed","template":"","meta":{"footnotes":""},"class_list":["post-1521","page","type-page","status-publish","hentry"],"yoast_head":"<!-- This site is optimized with the Yoast SEO plugin v26.0 - https:\/\/yoast.com\/wordpress\/plugins\/seo\/ -->\n<title>Studiebureau | DOU Beton Flooring systems<\/title>\n<meta name=\"description\" content=\"Onze studiebureaus in Kruisem en Leuze-en-Hainaut ondersteunen u graag bij al uw bouwprojecten en houden rekening met uw situatie en voorkeuren.\" \/>\n<meta name=\"robots\" content=\"index, follow, max-snippet:-1, max-image-preview:large, max-video-preview:-1\" \/>\n<link rel=\"canonical\" href=\"https:\/\/doubeton-flooringsystems.be\/fr\/studiebureau\/\" \/>\n<meta property=\"og:locale\" content=\"fr_FR\" \/>\n<meta property=\"og:type\" content=\"article\" \/>\n<meta property=\"og:title\" content=\"Studiebureau | DOU Beton Flooring systems\" \/>\n<meta property=\"og:description\" content=\"Onze studiebureaus in Kruisem en Leuze-en-Hainaut ondersteunen u graag bij al uw bouwprojecten en houden rekening met uw situatie en voorkeuren.\" \/>\n<meta property=\"og:url\" content=\"https:\/\/doubeton-flooringsystems.be\/fr\/studiebureau\/\" \/>\n<meta property=\"og:site_name\" content=\"DOU Beton Flooring systems\" \/>\n<meta property=\"article:publisher\" content=\"https:\/\/www.facebook.com\/doubeton\" \/>\n<meta property=\"article:modified_time\" content=\"2024-06-05T12:17:28+00:00\" \/>\n<meta property=\"og:image\" content=\"http:\/\/doubeton-flooringsystems.be\/wp-content\/uploads\/2023\/01\/DOU-studiebureau.jpg\" \/>\n<meta name=\"twitter:card\" content=\"summary_large_image\" \/>\n<meta name=\"twitter:label1\" content=\"Dur\u00e9e de lecture estim\u00e9e\" \/>\n\t<meta name=\"twitter:data1\" content=\"1 minute\" \/>\n<script type=\"application\/ld+json\" class=\"yoast-schema-graph\">{\"@context\":\"https:\/\/schema.org\",\"@graph\":[{\"@type\":\"WebPage\",\"@id\":\"https:\/\/doubeton-flooringsystems.be\/nl\/studiebureau\/\",\"url\":\"https:\/\/doubeton-flooringsystems.be\/nl\/studiebureau\/\",\"name\":\"Studiebureau | DOU Beton Flooring systems\",\"isPartOf\":{\"@id\":\"http:\/\/doubeton-flooringsystems.be\/nl\/#website\"},\"primaryImageOfPage\":{\"@id\":\"https:\/\/doubeton-flooringsystems.be\/nl\/studiebureau\/#primaryimage\"},\"image\":{\"@id\":\"https:\/\/doubeton-flooringsystems.be\/nl\/studiebureau\/#primaryimage\"},\"thumbnailUrl\":\"http:\/\/doubeton-flooringsystems.be\/wp-content\/uploads\/2023\/01\/DOU-studiebureau.jpg\",\"datePublished\":\"2022-12-22T15:12:02+00:00\",\"dateModified\":\"2024-06-05T12:17:28+00:00\",\"description\":\"Onze studiebureaus in Kruisem en Leuze-en-Hainaut ondersteunen u graag bij al uw bouwprojecten en houden rekening met uw situatie en voorkeuren.\",\"breadcrumb\":{\"@id\":\"https:\/\/doubeton-flooringsystems.be\/nl\/studiebureau\/#breadcrumb\"},\"inLanguage\":\"fr-FR\",\"potentialAction\":[{\"@type\":\"ReadAction\",\"target\":[\"https:\/\/doubeton-flooringsystems.be\/nl\/studiebureau\/\"]}]},{\"@type\":\"ImageObject\",\"inLanguage\":\"fr-FR\",\"@id\":\"https:\/\/doubeton-flooringsystems.be\/nl\/studiebureau\/#primaryimage\",\"url\":\"http:\/\/doubeton-flooringsystems.be\/wp-content\/uploads\/2023\/01\/DOU-studiebureau.jpg\",\"contentUrl\":\"http:\/\/doubeton-flooringsystems.be\/wp-content\/uploads\/2023\/01\/DOU-studiebureau.jpg\"},{\"@type\":\"BreadcrumbList\",\"@id\":\"https:\/\/doubeton-flooringsystems.be\/nl\/studiebureau\/#breadcrumb\",\"itemListElement\":[{\"@type\":\"ListItem\",\"position\":1,\"name\":\"Home\",\"item\":\"http:\/\/doubeton-flooringsystems.be\/nl\/\"},{\"@type\":\"ListItem\",\"position\":2,\"name\":\"Studiebureau\"}]},{\"@type\":\"WebSite\",\"@id\":\"http:\/\/doubeton-flooringsystems.be\/nl\/#website\",\"url\":\"http:\/\/doubeton-flooringsystems.be\/nl\/\",\"name\":\"DOU Beton Flooring systems\",\"description\":\"Your partner in concrete\",\"publisher\":{\"@id\":\"http:\/\/doubeton-flooringsystems.be\/nl\/#organization\"},\"alternateName\":\"DOU Flooring systems\",\"potentialAction\":[{\"@type\":\"SearchAction\",\"target\":{\"@type\":\"EntryPoint\",\"urlTemplate\":\"http:\/\/doubeton-flooringsystems.be\/nl\/?s={search_term_string}\"},\"query-input\":{\"@type\":\"PropertyValueSpecification\",\"valueRequired\":true,\"valueName\":\"search_term_string\"}}],\"inLanguage\":\"fr-FR\"},{\"@type\":\"Organization\",\"@id\":\"http:\/\/doubeton-flooringsystems.be\/nl\/#organization\",\"name\":\"DOU Beton Flooring systems\",\"alternateName\":\"DOU Flooring systems\",\"url\":\"http:\/\/doubeton-flooringsystems.be\/nl\/\",\"logo\":{\"@type\":\"ImageObject\",\"inLanguage\":\"fr-FR\",\"@id\":\"http:\/\/doubeton-flooringsystems.be\/nl\/#\/schema\/logo\/image\/\",\"url\":\"https:\/\/doubeton-flooringsystems.be\/wp-content\/uploads\/2022\/10\/Logo_Dou_Flooring-Systems-def-HIGH-RES.png\",\"contentUrl\":\"https:\/\/doubeton-flooringsystems.be\/wp-content\/uploads\/2022\/10\/Logo_Dou_Flooring-Systems-def-HIGH-RES.png\",\"width\":602,\"height\":469,\"caption\":\"DOU Beton Flooring systems\"},\"image\":{\"@id\":\"http:\/\/doubeton-flooringsystems.be\/nl\/#\/schema\/logo\/image\/\"},\"sameAs\":[\"https:\/\/www.facebook.com\/doubeton\",\"https:\/\/www.linkedin.com\/company\/dou-beton-blocks-flooring-systems\/\"]}]}<\/script>\n<!-- \/ Yoast SEO plugin. -->","yoast_head_json":{"title":"Studiebureau | DOU Beton Flooring systems","description":"Onze studiebureaus in Kruisem en Leuze-en-Hainaut ondersteunen u graag bij al uw bouwprojecten en houden rekening met uw situatie en voorkeuren.","robots":{"index":"index","follow":"follow","max-snippet":"max-snippet:-1","max-image-preview":"max-image-preview:large","max-video-preview":"max-video-preview:-1"},"canonical":"https:\/\/doubeton-flooringsystems.be\/fr\/studiebureau\/","og_locale":"fr_FR","og_type":"article","og_title":"Studiebureau | DOU Beton Flooring systems","og_description":"Onze studiebureaus in Kruisem en Leuze-en-Hainaut ondersteunen u graag bij al uw bouwprojecten en houden rekening met uw situatie en voorkeuren.","og_url":"https:\/\/doubeton-flooringsystems.be\/fr\/studiebureau\/","og_site_name":"DOU Beton Flooring systems","article_publisher":"https:\/\/www.facebook.com\/doubeton","article_modified_time":"2024-06-05T12:17:28+00:00","og_image":[{"url":"http:\/\/doubeton-flooringsystems.be\/wp-content\/uploads\/2023\/01\/DOU-studiebureau.jpg","type":"","width":"","height":""}],"twitter_card":"summary_large_image","twitter_misc":{"Dur\u00e9e de lecture estim\u00e9e":"1 minute"},"schema":{"@context":"https:\/\/schema.org","@graph":[{"@type":"WebPage","@id":"https:\/\/doubeton-flooringsystems.be\/nl\/studiebureau\/","url":"https:\/\/doubeton-flooringsystems.be\/nl\/studiebureau\/","name":"Studiebureau | DOU Beton Flooring systems","isPartOf":{"@id":"http:\/\/doubeton-flooringsystems.be\/nl\/#website"},"primaryImageOfPage":{"@id":"https:\/\/doubeton-flooringsystems.be\/nl\/studiebureau\/#primaryimage"},"image":{"@id":"https:\/\/doubeton-flooringsystems.be\/nl\/studiebureau\/#primaryimage"},"thumbnailUrl":"http:\/\/doubeton-flooringsystems.be\/wp-content\/uploads\/2023\/01\/DOU-studiebureau.jpg","datePublished":"2022-12-22T15:12:02+00:00","dateModified":"2024-06-05T12:17:28+00:00","description":"Onze studiebureaus in Kruisem en Leuze-en-Hainaut ondersteunen u graag bij al uw bouwprojecten en houden rekening met uw situatie en voorkeuren.","breadcrumb":{"@id":"https:\/\/doubeton-flooringsystems.be\/nl\/studiebureau\/#breadcrumb"},"inLanguage":"fr-FR","potentialAction":[{"@type":"ReadAction","target":["https:\/\/doubeton-flooringsystems.be\/nl\/studiebureau\/"]}]},{"@type":"ImageObject","inLanguage":"fr-FR","@id":"https:\/\/doubeton-flooringsystems.be\/nl\/studiebureau\/#primaryimage","url":"http:\/\/doubeton-flooringsystems.be\/wp-content\/uploads\/2023\/01\/DOU-studiebureau.jpg","contentUrl":"http:\/\/doubeton-flooringsystems.be\/wp-content\/uploads\/2023\/01\/DOU-studiebureau.jpg"},{"@type":"BreadcrumbList","@id":"https:\/\/doubeton-flooringsystems.be\/nl\/studiebureau\/#breadcrumb","itemListElement":[{"@type":"ListItem","position":1,"name":"Home","item":"http:\/\/doubeton-flooringsystems.be\/nl\/"},{"@type":"ListItem","position":2,"name":"Studiebureau"}]},{"@type":"WebSite","@id":"http:\/\/doubeton-flooringsystems.be\/nl\/#website","url":"http:\/\/doubeton-flooringsystems.be\/nl\/","name":"DOU Beton Flooring systems","description":"Your partner in concrete","publisher":{"@id":"http:\/\/doubeton-flooringsystems.be\/nl\/#organization"},"alternateName":"DOU Flooring systems","potentialAction":[{"@type":"SearchAction","target":{"@type":"EntryPoint","urlTemplate":"http:\/\/doubeton-flooringsystems.be\/nl\/?s={search_term_string}"},"query-input":{"@type":"PropertyValueSpecification","valueRequired":true,"valueName":"search_term_string"}}],"inLanguage":"fr-FR"},{"@type":"Organization","@id":"http:\/\/doubeton-flooringsystems.be\/nl\/#organization","name":"DOU Beton Flooring systems","alternateName":"DOU Flooring systems","url":"http:\/\/doubeton-flooringsystems.be\/nl\/","logo":{"@type":"ImageObject","inLanguage":"fr-FR","@id":"http:\/\/doubeton-flooringsystems.be\/nl\/#\/schema\/logo\/image\/","url":"https:\/\/doubeton-flooringsystems.be\/wp-content\/uploads\/2022\/10\/Logo_Dou_Flooring-Systems-def-HIGH-RES.png","contentUrl":"https:\/\/doubeton-flooringsystems.be\/wp-content\/uploads\/2022\/10\/Logo_Dou_Flooring-Systems-def-HIGH-RES.png","width":602,"height":469,"caption":"DOU Beton Flooring systems"},"image":{"@id":"http:\/\/doubeton-flooringsystems.be\/nl\/#\/schema\/logo\/image\/"},"sameAs":["https:\/\/www.facebook.com\/doubeton","https:\/\/www.linkedin.com\/company\/dou-beton-blocks-flooring-systems\/"]}]}},"_links":{"self":[{"href":"https:\/\/doubeton-flooringsystems.be\/fr\/wp-json\/wp\/v2\/pages\/1521","targetHints":{"allow":["GET"]}}],"collection":[{"href":"https:\/\/doubeton-flooringsystems.be\/fr\/wp-json\/wp\/v2\/pages"}],"about":[{"href":"https:\/\/doubeton-flooringsystems.be\/fr\/wp-json\/wp\/v2\/types\/page"}],"author":[{"embeddable":true,"href":"https:\/\/doubeton-flooringsystems.be\/fr\/wp-json\/wp\/v2\/users\/1"}],"replies":[{"embeddable":true,"href":"https:\/\/doubeton-flooringsystems.be\/fr\/wp-json\/wp\/v2\/comments?post=1521"}],"version-history":[{"count":0,"href":"https:\/\/doubeton-flooringsystems.be\/fr\/wp-json\/wp\/v2\/pages\/1521\/revisions"}],"wp:attachment":[{"href":"https:\/\/doubeton-flooringsystems.be\/fr\/wp-json\/wp\/v2\/media?parent=1521"}],"curies":[{"name":"wp","href":"https:\/\/api.w.org\/{rel}","templated":true}]}}